{"id":4926,"date":"2024-09-18T15:07:32","date_gmt":"2024-09-18T13:07:32","guid":{"rendered":"https:\/\/www.forma.paris\/news\/"},"modified":"2024-09-19T12:03:08","modified_gmt":"2024-09-19T10:03:08","slug":"news","status":"publish","type":"page","link":"http:\/\/forma.paris\/fr\/news\/","title":{"rendered":"NEWS"},"content":{"rendered":"\n<div class=\"wp-block-group insta-feed-container is-vertical is-content-justification-center is-layout-flex wp-container-core-group-is-layout-4b2eccd6 wp-block-group-is-layout-flex\">\t\t<div id=\"sbi_mod_error\" >\n\t\t\t<span>Ce message d\u2019erreur n\u2019est visible que pour les administrateurs de WordPress<\/span><br \/>\n\t\t\t<p><strong>Erreur\u00a0:  aucun flux avec l\u2019ID 1 n\u2019a \u00e9t\u00e9 trouv\u00e9.<\/strong>\n\t\t\t<p>Veuillez aller sur la page de r\u00e9glages d\u2018Instagram Feed pour connecter votre compte.<\/p>\n\t\t<\/div>\n\t\t\n<\/div>\n\n<p><\/p>\n","protected":false},"excerpt":{"rendered":"","protected":false},"author":2,"featured_media":0,"parent":0,"menu_order":0,"comment_status":"closed","ping_status":"closed","template":"","meta":{"footnotes":""},"class_list":["post-4926","page","type-page","status-publish","hentry"],"_links":{"self":[{"href":"http:\/\/forma.paris\/fr\/wp-json\/wp\/v2\/pages\/4926","targetHints":{"allow":["GET"]}}],"collection":[{"href":"http:\/\/forma.paris\/fr\/wp-json\/wp\/v2\/pages"}],"about":[{"href":"http:\/\/forma.paris\/fr\/wp-json\/wp\/v2\/types\/page"}],"author":[{"embeddable":true,"href":"http:\/\/forma.paris\/fr\/wp-json\/wp\/v2\/users\/2"}],"replies":[{"embeddable":true,"href":"http:\/\/forma.paris\/fr\/wp-json\/wp\/v2\/comments?post=4926"}],"version-history":[{"count":3,"href":"http:\/\/forma.paris\/fr\/wp-json\/wp\/v2\/pages\/4926\/revisions"}],"predecessor-version":[{"id":5071,"href":"http:\/\/forma.paris\/fr\/wp-json\/wp\/v2\/pages\/4926\/revisions\/5071"}],"wp:attachment":[{"href":"http:\/\/forma.paris\/fr\/wp-json\/wp\/v2\/media?parent=4926"}],"curies":[{"name":"wp","href":"https:\/\/api.w.org\/{rel}","templated":true}]}}